{"id":77,"date":"2021-07-30T08:34:36","date_gmt":"2021-07-30T06:34:36","guid":{"rendered":"http:\/\/www.patricia-fetzel.at\/tfp\/?page_id=77"},"modified":"2021-07-30T22:30:23","modified_gmt":"2021-07-30T20:30:23","slug":"was-ist-logotherapie-3","status":"publish","type":"page","link":"https:\/\/www.patricia-fetzel.at\/tfp\/?page_id=77","title":{"rendered":"\u00dcber mich"},"content":{"rendered":"\n<div class=\"wp-block-image\"><figure class=\"alignright\"><img loading=\"lazy\" width=\"300\" height=\"291\" src=\"http:\/\/www.patricia-fetzel.at\/tfp\/wp-content\/uploads\/2019\/11\/68470322_2900850253278473_1383324393840574464_n-300x291.jpg\" alt=\"\" class=\"wp-image-234\" srcset=\"https:\/\/www.patricia-fetzel.at\/tfp\/wp-content\/uploads\/2019\/11\/68470322_2900850253278473_1383324393840574464_n-300x291.jpg 300w, https:\/\/www.patricia-fetzel.at\/tfp\/wp-content\/uploads\/2019\/11\/68470322_2900850253278473_1383324393840574464_n.jpg 308w\" sizes=\"(max-width: 300px) 100vw, 300px\" \/><\/figure><\/div>\n\n\n\n<p>Mein Name ist Patricia Fetzel und ich wohne mit meinem Mann und unseren zwei S\u00f6hnen in Ludesch.<\/p>\n<p>Ich habe die Tourismusschule mit Matura in Bludenz gemacht und anschlie\u00dfend zuerst in einem Reiseb\u00fcro und dann einige Jahre in einem B\u00fcro gearbeitet. Nachdem ich Mama von zwei S\u00f6hnen geworden bin wollte ich beruflich eine neue Richtung einschlagen und entschied mich f\u00fcr eine Ausbildung zur Diplomierten Lebens- und Sozialberaterin.<\/p>\n<p>Im Dezember 2014 habe ich diese Ausbildung am TILO in Innsbruck abgeschlossen.<\/p>\n<p>Neben den Beratungen ist die Malerei meine gro\u00dfe Leidenschaft, mit der ich mich seit 2003 besch\u00e4ftige. Seit Januar 2020 arbeite ich in meinem eigenen Atelier in Ludesch und biete dort auch die Beratungen an.<\/p>\n<p>\u00a0<\/p>\n\n\n\n<div class=\"wp-block-group\"><div class=\"wp-block-group__inner-container\">\n<p>Ich begeistere mich f\u00fcr:<\/p>\n\n\n\n<div class=\"wp-block-columns\">\n<div class=\"wp-block-column is-vertically-aligned-top\" style=\"flex-basis:100%\">\n<ul class=\"has-normal-font-size\"><li>all das Neue und Freudvolle, das sich in meinem Leben zeigt<\/li><li>die stetige Weiterentwicklung und Ver\u00e4nderung<\/li><li>Kinder und ihr wahres &#8222;Ich&#8220;<\/li><li>das Eintauchen in die Welt der Farben<\/li><li>Menschen und ihre Geschichten<\/li><li>belebende und inspirierende Gespr\u00e4che<\/li><li>B\u00fccher, deren Geschichten mich zutiefst ber\u00fchren<\/li><\/ul>\n\n\n<\/div>\n<\/div>\n<\/div><\/div>\n\n\n\n<p>Ich freue mich auf dich!<\/p>\n\n\n\n<figure class=\"wp-duotone-filter-6a09db9961cbd wp-block-image size-full is-resized\"><img loading=\"lazy\" src=\"http:\/\/www.patricia-fetzel.at\/tfp\/wp-content\/uploads\/2016\/02\/log.png\" alt=\"\" class=\"wp-image-36\" width=\"277\" height=\"73\" srcset=\"https:\/\/www.patricia-fetzel.at\/tfp\/wp-content\/uploads\/2016\/02\/log.png 591w, https:\/\/www.patricia-fetzel.at\/tfp\/wp-content\/uploads\/2016\/02\/log-300x79.png 300w\" sizes=\"(max-width: 277px) 100vw, 277px\" \/><\/figure>\n\n\t<style>\n\t\t.wp-duotone-filter-6a09db9961cbd img {\n\t\t\tfilter: url( #wp-duotone-filter-6a09db9961cbd );\n\t\t}\n\t<\/style>\n\n\t<svg\n\t\txmlns:xlink=\"http:\/\/www.w3.org\/1999\/xlink\"\n\t\tviewBox=\"0 0 0 0\"\n\t\twidth=\"0\"\n\t\theight=\"0\"\n\t\tfocusable=\"false\"\n\t\trole=\"none\"\n\t\tstyle=\"visibility: hidden; position: absolute; left: -9999px; overflow: hidden;\"\n\t>\n\t\t<defs>\n\t\t\t<filter id=\"wp-duotone-filter-6a09db9961cbd\">\n\t\t\t\t<feColorMatrix\n\t\t\t\t\ttype=\"matrix\"\n\t\t\t\t\t\t\t\t\t\tvalues=\".299 .587 .114 0 0\n\t\t\t\t\t\t\t.299 .587 .114 0 0\n\t\t\t\t\t\t\t.299 .587 .114 0 0\n\t\t\t\t\t\t\t0 0 0 1 0\"\n\t\t\t\t\t\t\t\t\t\/>\n\t\t\t\t<feComponentTransfer color-interpolation-filters=\"sRGB\" >\n\t\t\t\t\t<feFuncR type=\"table\" tableValues=\"1 1\" \/>\n\t\t\t\t\t<feFuncG type=\"table\" tableValues=\"1 1\" \/>\n\t\t\t\t\t<feFuncB type=\"table\" tableValues=\"1 1\" \/>\n\t\t\t\t<\/feComponentTransfer>\n\t\t\t<\/filter>\n\t\t<\/defs>\n\t<\/svg>\n\n\t","protected":false},"excerpt":{"rendered":"<p>Mein Name ist Patricia Fetzel und ich wohne mit meinem Mann und unseren zwei S\u00f6hnen in Ludesch. Ich habe die Tourismusschule mit Matura in Bludenz gemacht und anschlie\u00dfend zuerst in einem Reiseb\u00fcro und dann einige Jahre in einem B\u00fcro gearbeitet. Nachdem ich Mama von zwei S\u00f6hnen geworden bin wollte ich beruflich eine neue Richtung einschlagen [&hellip;]<\/p>\n","protected":false},"author":1,"featured_media":0,"parent":0,"menu_order":0,"comment_status":"closed","ping_status":"closed","template":"","meta":[],"_links":{"self":[{"href":"https:\/\/www.patricia-fetzel.at\/tfp\/index.php?rest_route=\/wp\/v2\/pages\/77"}],"collection":[{"href":"https:\/\/www.patricia-fetzel.at\/tfp\/index.php?rest_route=\/wp\/v2\/pages"}],"about":[{"href":"https:\/\/www.patricia-fetzel.at\/tfp\/index.php?rest_route=\/wp\/v2\/types\/page"}],"author":[{"embeddable":true,"href":"https:\/\/www.patricia-fetzel.at\/tfp\/index.php?rest_route=\/wp\/v2\/users\/1"}],"replies":[{"embeddable":true,"href":"https:\/\/www.patricia-fetzel.at\/tfp\/index.php?rest_route=%2Fwp%2Fv2%2Fcomments&post=77"}],"version-history":[{"count":28,"href":"https:\/\/www.patricia-fetzel.at\/tfp\/index.php?rest_route=\/wp\/v2\/pages\/77\/revisions"}],"predecessor-version":[{"id":304,"href":"https:\/\/www.patricia-fetzel.at\/tfp\/index.php?rest_route=\/wp\/v2\/pages\/77\/revisions\/304"}],"wp:attachment":[{"href":"https:\/\/www.patricia-fetzel.at\/tfp\/index.php?rest_route=%2Fwp%2Fv2%2Fmedia&parent=77"}],"curies":[{"name":"wp","href":"https:\/\/api.w.org\/{rel}","templated":true}]}}