{"id":13,"date":"2016-02-08T16:33:24","date_gmt":"2016-02-08T15:33:24","guid":{"rendered":"http:\/\/www.patricia-fetzel.at\/tfp\/?page_id=13"},"modified":"2021-07-30T21:38:09","modified_gmt":"2021-07-30T19:38:09","slug":"lorem-ipsum","status":"publish","type":"page","link":"https:\/\/www.patricia-fetzel.at\/tfp\/?page_id=13","title":{"rendered":"Kontakt"},"content":{"rendered":"\n<p class=\"has-normal-font-size\">Patricia Fetzel<br>Lebens- und Sozialberaterin in Ausbidlung unter Supervision<\/p>\n\n\n\n<p class=\"has-normal-font-size\">Vogelgsang 90<\/p>\n\n\n\n<p class=\"has-normal-font-size\">6713 Ludesch<\/p>\n\n\n\n<p class=\"has-normal-font-size\">Telefon: +43 664 38 50 218<\/p>\n\n\n\n<p class=\"has-normal-font-size\">Email:&nbsp;&nbsp;&nbsp; <a href=\"mailto:logo@patricia-fetzel.at\">logo@patricia-fetzel.at<\/a><\/p>\n\n\n\n<p>Termin nur nach Vereinbarung!<\/p>\n\n\n\n<p><\/p>\n\n\n\n<p>Impressum<\/p>\n\n\n\n<p>Der Inhalt dieser Webseite ist urheberrechtlich gesch\u00fctzt! Die Verwendung der Bilder ohne vorherige schriftliche Zustimmung ist untersagt. F\u00fcr Links auf andere Webseiten und deren Inhalte \u00fcbernehme ich keine Verantwortung.<\/p>\n\n\n\n<p>F\u00fcr den Inhalt verantwortlich: Patricia Fetzel<\/p>\n\n\n\n<p>Programmierung: Matthias Graziadei<\/p>\n\n\n\n<div>\u00a0<\/div>\n","protected":false},"excerpt":{"rendered":"<p>Patricia FetzelLebens- und Sozialberaterin in Ausbidlung unter Supervision Vogelgsang 90 6713 Ludesch Telefon: +43 664 38 50 218 Email:&nbsp;&nbsp;&nbsp; logo@patricia-fetzel.at Termin nur nach Vereinbarung! Impressum Der Inhalt dieser Webseite ist urheberrechtlich gesch\u00fctzt! Die Verwendung der Bilder ohne vorherige schriftliche Zustimmung ist untersagt. F\u00fcr Links auf andere Webseiten und deren Inhalte \u00fcbernehme ich keine Verantwortung. F\u00fcr [&hellip;]<\/p>\n","protected":false},"author":1,"featured_media":60,"parent":0,"menu_order":0,"comment_status":"closed","ping_status":"closed","template":"","meta":[],"_links":{"self":[{"href":"https:\/\/www.patricia-fetzel.at\/tfp\/index.php?rest_route=\/wp\/v2\/pages\/13"}],"collection":[{"href":"https:\/\/www.patricia-fetzel.at\/tfp\/index.php?rest_route=\/wp\/v2\/pages"}],"about":[{"href":"https:\/\/www.patricia-fetzel.at\/tfp\/index.php?rest_route=\/wp\/v2\/types\/page"}],"author":[{"embeddable":true,"href":"https:\/\/www.patricia-fetzel.at\/tfp\/index.php?rest_route=\/wp\/v2\/users\/1"}],"replies":[{"embeddable":true,"href":"https:\/\/www.patricia-fetzel.at\/tfp\/index.php?rest_route=%2Fwp%2Fv2%2Fcomments&post=13"}],"version-history":[{"count":28,"href":"https:\/\/www.patricia-fetzel.at\/tfp\/index.php?rest_route=\/wp\/v2\/pages\/13\/revisions"}],"predecessor-version":[{"id":302,"href":"https:\/\/www.patricia-fetzel.at\/tfp\/index.php?rest_route=\/wp\/v2\/pages\/13\/revisions\/302"}],"wp:featuredmedia":[{"embeddable":true,"href":"https:\/\/www.patricia-fetzel.at\/tfp\/index.php?rest_route=\/wp\/v2\/media\/60"}],"wp:attachment":[{"href":"https:\/\/www.patricia-fetzel.at\/tfp\/index.php?rest_route=%2Fwp%2Fv2%2Fmedia&parent=13"}],"curies":[{"name":"wp","href":"https:\/\/api.w.org\/{rel}","templated":true}]}}