{"id":25,"date":"2016-01-30T07:47:32","date_gmt":"2016-01-30T06:47:32","guid":{"rendered":"http:\/\/www.patricia-fetzel.at\/ne\/?page_id=25"},"modified":"2016-04-10T22:19:30","modified_gmt":"2016-04-10T20:19:30","slug":"kontakt","status":"publish","type":"page","link":"https:\/\/www.patricia-fetzel.at\/ne\/?page_id=25","title":{"rendered":"Kontakt"},"content":{"rendered":"<h5>Patricia Fetzel<\/h5>\n<p><span style=\"color: #0000ff;\">kunst<a style=\"color: #0000ff;\" href=\"mailto:kunst@patricia-fetzel.at\">@patricia-fetzel.at<\/a><\/span><\/p>\n<h5><!--more--><\/h5>\n<h5>Disclaimer<\/h5>\n<p>Der Inhalt dieser Webseite ist urheberrechtlich gesch\u00fctzt! Die Verwendung der Bilder ohne vorherige schriftliche Zustimmung ist untersagt. F\u00fcr Links auf andere Webseiten und deren Inhalte \u00fcbernehme ich keine Verantwortung.<\/p>\n<h5>F\u00fcr den Inhalt verantwortlich:<\/h5>\n<p>Patricia Fetzel<\/p>\n<h5>Programmierung:<\/h5>\n<p>Matthias Graziadei<\/p>\n","protected":false},"excerpt":{"rendered":"<p>Patricia Fetzel kunst@patricia-fetzel.at<\/p>\n","protected":false},"author":1,"featured_media":0,"parent":0,"menu_order":0,"comment_status":"closed","ping_status":"closed","template":"","meta":{"ngg_post_thumbnail":0},"_links":{"self":[{"href":"https:\/\/www.patricia-fetzel.at\/ne\/index.php?rest_route=\/wp\/v2\/pages\/25"}],"collection":[{"href":"https:\/\/www.patricia-fetzel.at\/ne\/index.php?rest_route=\/wp\/v2\/pages"}],"about":[{"href":"https:\/\/www.patricia-fetzel.at\/ne\/index.php?rest_route=\/wp\/v2\/types\/page"}],"author":[{"embeddable":true,"href":"https:\/\/www.patricia-fetzel.at\/ne\/index.php?rest_route=\/wp\/v2\/users\/1"}],"replies":[{"embeddable":true,"href":"https:\/\/www.patricia-fetzel.at\/ne\/index.php?rest_route=%2Fwp%2Fv2%2Fcomments&post=25"}],"version-history":[{"count":5,"href":"https:\/\/www.patricia-fetzel.at\/ne\/index.php?rest_route=\/wp\/v2\/pages\/25\/revisions"}],"predecessor-version":[{"id":91,"href":"https:\/\/www.patricia-fetzel.at\/ne\/index.php?rest_route=\/wp\/v2\/pages\/25\/revisions\/91"}],"wp:attachment":[{"href":"https:\/\/www.patricia-fetzel.at\/ne\/index.php?rest_route=%2Fwp%2Fv2%2Fmedia&parent=25"}],"curies":[{"name":"wp","href":"https:\/\/api.w.org\/{rel}","templated":true}]}}