{"id":23,"date":"2016-01-30T07:47:20","date_gmt":"2016-01-30T06:47:20","guid":{"rendered":"http:\/\/www.patricia-fetzel.at\/ne\/?page_id=23"},"modified":"2019-04-03T15:34:02","modified_gmt":"2019-04-03T13:34:02","slug":"ausstellungen","status":"publish","type":"page","link":"https:\/\/www.patricia-fetzel.at\/ne\/?page_id=23","title":{"rendered":"Ausstellungen"},"content":{"rendered":"<h4 style=\"text-align: center;\">Aktuell:<\/h4>\n<h4 style=\"text-align: center;\">\n<a class=\"ngg-fancybox\" title=\"&quot;I will always love you&quot; 2019 | 80 x 80cm | Acryl auf Leinwand\" href=\"http:\/\/www.patricia-fetzel.at\/ne\/wp-content\/gallery\/personen\/9c8f52f7-468e-43c1-a917-dc8f67764493.jpg\" data-image-id=\"48\" data-src=\"http:\/\/www.patricia-fetzel.at\/ne\/wp-content\/gallery\/personen\/9c8f52f7-468e-43c1-a917-dc8f67764493.jpg\" data-thumbnail=\"http:\/\/www.patricia-fetzel.at\/ne\/wp-content\/gallery\/personen\/thumbs\/thumbs_9c8f52f7-468e-43c1-a917-dc8f67764493.jpg\" data-title=\"&quot;I will always love you&quot;\" data-description=\"&quot;I will always love you&quot; 2019 | 80 x 80cm | Acryl auf Leinwand\"><img loading=\"lazy\" class=\"ngg-singlepic ngg-none aligncenter\" src=\"http:\/\/www.patricia-fetzel.at\/ne\/wp-content\/gallery\/personen\/thumbs\/thumbs_9c8f52f7-468e-43c1-a917-dc8f67764493.jpg\" alt=\"&quot;I will always love you&quot;\" width=\"240\" height=\"160\"><\/a><\/h4>\n<p style=\"text-align: center;\"><a href=\"http:\/\/www.patricia-fetzel.at\/ne\/wp-content\/uploads\/2019\/04\/Einladung-Ausstellung-1-3.pdf\">&#8222;Augenblicke&#8220;<\/a><\/p>\n<p>&nbsp;<\/p>\n<p style=\"text-align: center;\">Bilder von Patricia Fetzel bei <strong>Bitsche Optik GmbH<\/strong><\/p>\n<p style=\"text-align: center;\">Bahnhofstra\u00dfe 4, 6700 Bludenz<\/p>\n<p style=\"text-align: center;\"><span style=\"color: #ff00ff;\"><strong>Vernissage:&nbsp; &nbsp; &nbsp; &nbsp; Freitag, 12. 4. 2019&nbsp; 18:30 Uhr<\/strong><\/span><\/p>\n<p style=\"text-align: center;\">Die Bilder k\u00f6nnen auch nach der Vernissage im Gesch\u00e4ft besichtigt und gekauft werden.<\/p>\n<p style=\"text-align: left;\">_____________________________________________________________________________<\/p>\n<p style=\"text-align: left;\">Au\u00dferhalb einer Ausstellung k\u00f6nnen meine Bilder gerne jederzeit bei mir angeschaut werden. Sie k\u00f6nnen mich gerne anrufen und einen Termin mit mir vereinbaren!<\/p>\n<p style=\"text-align: left;\">Meine Nummer: 0043 664 3850218<\/p>\n<p style=\"text-align: left;\">_____________________________________________________________________________<\/p>\n<h5 style=\"text-align: right;\">R\u00fcckblick:<\/h5>\n<p style=\"text-align: left;\">Ausstellung <span style=\"color: #000000;\">&#8222;Augen &#8211; Blicke&#8220;<\/span><\/p>\n<p style=\"text-align: left;\">in<strong>&nbsp;&#8222;THE GALLERY STEINER &#8211; VIENNA&#8220; <\/strong><\/p>\n<p style=\"text-align: left;\">Kurrentgasse 4\/1, 1010 Wien (1.&nbsp;Bezirk)<\/p>\n<p style=\"text-align: left;\"><a href=\"http:\/\/www.gallery-steiner.com\">www.gallery-steiner.com<\/a><\/p>\n<p style=\"text-align: left;\">Vernissage:&nbsp;&nbsp;&nbsp;&nbsp;&nbsp;&nbsp;&nbsp; Mittwoch, 11.10.2017&nbsp; 19:00 &#8211; 22:00 Uhr<\/p>\n<p style=\"text-align: left;\">Dauer der Ausstellung:&nbsp;&nbsp;&nbsp;&nbsp;&nbsp;&nbsp;&nbsp;&nbsp;&nbsp;&nbsp; 11.10.2017&nbsp;bis 04.11.2017<\/p>\n<p>&nbsp;<\/p>\n<p style=\"text-align: right;\">&nbsp; Ausstellung <span style=\"color: #ffcc00;\"><strong>&#8222;Augen &#8211; Blicke&#8220;<\/strong>&nbsp;<\/span><\/p>\n<p style=\"text-align: right;\">Portraits von Patricia Fetzel<\/p>\n<p style=\"text-align: right;\">&nbsp;&nbsp;&nbsp;&nbsp;&nbsp;&nbsp;&nbsp;&nbsp;&nbsp;&nbsp;&nbsp;&nbsp;&nbsp;&nbsp;&nbsp;&nbsp;&nbsp;&nbsp; in der <strong>WEXELSTUBE <\/strong><strong>&#8211; &#8222;Raum f\u00fcr&nbsp;Begeisterung&#8220;&nbsp;<\/strong>&nbsp; &nbsp;&nbsp;&nbsp;&nbsp;&nbsp;&nbsp;&nbsp;&nbsp;&nbsp;&nbsp;&nbsp;&nbsp;&nbsp;&nbsp;&nbsp;&nbsp;&nbsp;&nbsp;&nbsp;&nbsp;&nbsp;&nbsp;&nbsp;&nbsp;&nbsp;&nbsp;&nbsp;&nbsp;&nbsp;&nbsp;&nbsp;&nbsp;&nbsp;&nbsp;&nbsp;&nbsp;&nbsp;&nbsp;&nbsp;M\u00fchletorplatz 10, 6800 Feldkirch &nbsp;&nbsp;&nbsp;&nbsp;&nbsp;&nbsp;&nbsp;&nbsp;&nbsp;&nbsp;&nbsp;&nbsp;&nbsp;&nbsp;&nbsp;&nbsp;&nbsp;&nbsp;&nbsp;&nbsp;&nbsp;&nbsp;&nbsp;&nbsp;&nbsp;&nbsp;&nbsp;&nbsp;&nbsp;&nbsp;&nbsp;&nbsp;&nbsp;&nbsp;&nbsp;&nbsp;&nbsp;&nbsp;&nbsp; www.wexelstube.at<\/p>\n<p style=\"text-align: right;\">&nbsp;&nbsp;&nbsp;&nbsp;&nbsp;&nbsp;&nbsp;&nbsp;&nbsp;&nbsp;&nbsp; Vernissage:&nbsp;&nbsp;&nbsp;&nbsp;&nbsp;&nbsp;&nbsp;Donnerstag, 07.07.2016&nbsp;&nbsp;&nbsp;&nbsp; 19:00 &#8211; 22:00 Uhr<\/p>\n<p style=\"text-align: right;\">Ausstellung:&nbsp;&nbsp;&nbsp;&nbsp;&nbsp; &nbsp;&nbsp;&nbsp;&nbsp;&nbsp;&nbsp;&nbsp;Freitag, 08.07.2016&nbsp;&nbsp;&nbsp;&nbsp;&nbsp;&nbsp;14:00 &#8211; 20:00 Uhr &nbsp;&nbsp;&nbsp;&nbsp;&nbsp;&nbsp;&nbsp;&nbsp;&nbsp;&nbsp;&nbsp;&nbsp;&nbsp;&nbsp;&nbsp;&nbsp;&nbsp;&nbsp;&nbsp;&nbsp;&nbsp;&nbsp;&nbsp;&nbsp;&nbsp;&nbsp;&nbsp;&nbsp;&nbsp;&nbsp;&nbsp;&nbsp;&nbsp;&nbsp;&nbsp;&nbsp;&nbsp;&nbsp;&nbsp; Samstag, 09.07.2016&nbsp;&nbsp;&nbsp;&nbsp;10:00 &#8211; 18:00 Uhr &nbsp;&nbsp;&nbsp;&nbsp;&nbsp;&nbsp;&nbsp;&nbsp;&nbsp;&nbsp;&nbsp;&nbsp;&nbsp;&nbsp;&nbsp;&nbsp;&nbsp;&nbsp;&nbsp;&nbsp;&nbsp;&nbsp;&nbsp;&nbsp;&nbsp;&nbsp;&nbsp;&nbsp;&nbsp;&nbsp;&nbsp;&nbsp;&nbsp;&nbsp;&nbsp;&nbsp;&nbsp;&nbsp;&nbsp;&nbsp; Sonntag, 10.07.2016&nbsp;&nbsp;&nbsp;&nbsp;&nbsp;10:00 &#8211; 16:00 Uhr<\/p>\n","protected":false},"excerpt":{"rendered":"<p>Aktuell: &#8222;Augenblicke&#8220; &nbsp; Bilder von Patricia Fetzel bei Bitsche Optik GmbH Bahnhofstra\u00dfe 4, 6700 Bludenz Vernissage:&nbsp; &nbsp; &nbsp; &nbsp; Freitag, 12. 4. 2019&nbsp; 18:30 Uhr Die Bilder k\u00f6nnen auch nach der Vernissage im Gesch\u00e4ft besichtigt und gekauft werden. _____________________________________________________________________________ Au\u00dferhalb einer Ausstellung k\u00f6nnen meine Bilder gerne jederzeit bei mir angeschaut werden. Sie k\u00f6nnen mich gerne [&hellip;]<\/p>\n","protected":false},"author":1,"featured_media":0,"parent":0,"menu_order":0,"comment_status":"closed","ping_status":"closed","template":"","meta":{"ngg_post_thumbnail":0},"_links":{"self":[{"href":"https:\/\/www.patricia-fetzel.at\/ne\/index.php?rest_route=\/wp\/v2\/pages\/23"}],"collection":[{"href":"https:\/\/www.patricia-fetzel.at\/ne\/index.php?rest_route=\/wp\/v2\/pages"}],"about":[{"href":"https:\/\/www.patricia-fetzel.at\/ne\/index.php?rest_route=\/wp\/v2\/types\/page"}],"author":[{"embeddable":true,"href":"https:\/\/www.patricia-fetzel.at\/ne\/index.php?rest_route=\/wp\/v2\/users\/1"}],"replies":[{"embeddable":true,"href":"https:\/\/www.patricia-fetzel.at\/ne\/index.php?rest_route=%2Fwp%2Fv2%2Fcomments&post=23"}],"version-history":[{"count":12,"href":"https:\/\/www.patricia-fetzel.at\/ne\/index.php?rest_route=\/wp\/v2\/pages\/23\/revisions"}],"predecessor-version":[{"id":260,"href":"https:\/\/www.patricia-fetzel.at\/ne\/index.php?rest_route=\/wp\/v2\/pages\/23\/revisions\/260"}],"wp:attachment":[{"href":"https:\/\/www.patricia-fetzel.at\/ne\/index.php?rest_route=%2Fwp%2Fv2%2Fmedia&parent=23"}],"curies":[{"name":"wp","href":"https:\/\/api.w.org\/{rel}","templated":true}]}}