{"id":186,"date":"2018-05-28T09:48:30","date_gmt":"2018-05-28T07:48:30","guid":{"rendered":"http:\/\/www.patricia-fetzel.at\/ne\/?page_id=186"},"modified":"2018-05-28T09:48:30","modified_gmt":"2018-05-28T07:48:30","slug":"datenschutzerklaerung","status":"publish","type":"page","link":"https:\/\/www.patricia-fetzel.at\/ne\/?page_id=186","title":{"rendered":"Datenschutzerkl\u00e4rung"},"content":{"rendered":"<p><!-- x-tinymce\/html -->SPEICHERUNG PERS\u00d6NLICHER DATEN<\/p>\n<p>Pers\u00f6nliche Daten, die Sie\u00a0mir auf dieser Website elektronisch \u00fcbermitteln, wie zum Beispiel Name, E-Mail-Adresse, Adresse oder andere pers\u00f6nlichen Angaben im Rahmen der \u00dcbermittlung eines Formulars oder Kommentaren im Blog, werden von mir gemeinsam mit dem Zeitpunkt und der IP-Adresse nur zum jeweils angegebenen Zweck verwendet, sicher verwahrt und nicht an Dritte weitergegeben.<br \/>\nIch nutze Ihre pers\u00f6nlichen Daten somit nur f\u00fcr die Kommunikation mit jenen Besuchern, die Kontakt ausdr\u00fccklich w\u00fcnschen und f\u00fcr die Abwicklung der auf dieser Webseite angebotenen Dienstleistungen und Produkte. Ich gebe Ihre pers\u00f6nlichen Daten ohne Zustimmung nicht weiter, kann jedoch nicht ausschlie\u00dfen, dass diese Daten beim Vorliegen von rechtswidrigem Verhalten eingesehen werden.<br \/>\nWenn Sie\u00a0mir pers\u00f6nliche Daten per E-Mail schicken \u2013 somit abseits dieser Webseite \u2013\u00a0kann ich\u00a0keine sichere \u00dcbertragung und den Schutz Ihrer Daten garantieren. Ich empfehle Ihnen, vertrauliche Daten niemals unverschl\u00fcsselt per E-Mail zu \u00fcbermitteln.<\/p>\n<p>&nbsp;<\/p>\n<p>AUTOMATISCHE DATENSPEICHERUNG<\/p>\n<p>Wenn Sie heutzutage Webseiten besuchen, werden gewisse Informationen automatisch erstellt und gespeichert, so auch auf dieser Webseite.<br \/>\nWenn Sie meine Webseite so wie jetzt gerade besuchen, speichert unser Webserver (Computer auf dem diese Webseite gespeichert ist) automatisch Daten wie die IP-Adresse Ihres Ger\u00e4tes, die Adressen der besuchten Unterseiten, Details zu Ihrem Browser (z.B. Chrome, Firefox, Edge,\u2026) und Datum sowie Uhrzeit. Ich nutze diese Daten nicht und gebe sie in der Regel nicht weiter, kann jedoch nicht ausschlie\u00dfen, dass diese Daten beim Vorliegen von rechtswidrigem Verhalten eingesehen werden.<\/p>\n<p>IHRE RECHTE<\/p>\n<p>Ihnen stehen grunds\u00e4tzlich die Rechte auf Auskunft, Berichtigung, L\u00f6schung, Einschr\u00e4nkung, Daten\u00fcbertragbarkeit, Widerruf und Widerspruch zu. Wenn Sie glauben, dass die Verarbeitung Ihrer Daten gegen das Datenschutzrecht verst\u00f6\u00dft oder Ihre datenschutzrechtlichen Anspr\u00fcche sonst in einer Weise verletzt worden sind, k\u00f6nnen Sie sich bei der Aufsichtsbeh\u00f6rde beschweren. In \u00d6sterreich ist dies die Datenschutzbeh\u00f6rde, deren Webseiten Sie unter <a href=\"https:\/\/www.dsb.gv.at\/\" target=\"_blank\" rel=\"noopener\"><span style=\"color: #24890d;\">https:\/\/www.dsb.gv.at\/<\/span><\/a> finden.<\/p>\n<p>FACEBOOK DATENSCHUTZERKL\u00c4RUNG<\/p>\n<p>Ich verwende auf dieser Webseite Funktionen von Facebook, einem Social Media Network der FIrma Facebook Ireland Ltd., 4 Grand Canal Square, Grand Canal Harbour, Dublin 2 Ireland.<br \/>\nWelche Funktionen (Soziale Plug-ins) Facebook bereitstellt, k\u00f6nnen Sie auf <a href=\"https:\/\/developers.facebook.com\/docs\/plugins\/\" target=\"_blank\" rel=\"noopener\"><span style=\"color: #24890d;\">https:\/\/developers.facebook.com\/docs\/plugins\/<\/span><\/a> nachlesen.<br \/>\nDurch den Besuch unserer Webseite k\u00f6nnen Informationen an Facebook \u00fcbermittelt werden. Wenn Sie \u00fcber ein Facebook-Konto verf\u00fcgen, kann Facebook diese Daten Ihrem pers\u00f6nlichen Konto zuordnen. Sollten Sie das nicht w\u00fcnschen, melden Sie sich bitte von Facebook ab.<br \/>\nDie Datenschutzrichtlinien, welche Informationen Facebook sammelt und wie sie diese verwenden finden Sie auf <a href=\"https:\/\/www.facebook.com\/policy.php.\" target=\"_blank\" rel=\"noopener\"><span style=\"color: #24890d;\">https:\/\/www.facebook.com\/policy.php.<\/span><\/a><\/p>\n","protected":false},"excerpt":{"rendered":"<p>SPEICHERUNG PERS\u00d6NLICHER DATEN Pers\u00f6nliche Daten, die Sie\u00a0mir auf dieser Website elektronisch \u00fcbermitteln, wie zum Beispiel Name, E-Mail-Adresse, Adresse oder andere pers\u00f6nlichen Angaben im Rahmen der \u00dcbermittlung eines Formulars oder Kommentaren im Blog, werden von mir gemeinsam mit dem Zeitpunkt und der IP-Adresse nur zum jeweils angegebenen Zweck verwendet, sicher verwahrt und nicht an Dritte weitergegeben. [&hellip;]<\/p>\n","protected":false},"author":1,"featured_media":0,"parent":0,"menu_order":0,"comment_status":"closed","ping_status":"closed","template":"","meta":{"ngg_post_thumbnail":0},"_links":{"self":[{"href":"https:\/\/www.patricia-fetzel.at\/ne\/index.php?rest_route=\/wp\/v2\/pages\/186"}],"collection":[{"href":"https:\/\/www.patricia-fetzel.at\/ne\/index.php?rest_route=\/wp\/v2\/pages"}],"about":[{"href":"https:\/\/www.patricia-fetzel.at\/ne\/index.php?rest_route=\/wp\/v2\/types\/page"}],"author":[{"embeddable":true,"href":"https:\/\/www.patricia-fetzel.at\/ne\/index.php?rest_route=\/wp\/v2\/users\/1"}],"replies":[{"embeddable":true,"href":"https:\/\/www.patricia-fetzel.at\/ne\/index.php?rest_route=%2Fwp%2Fv2%2Fcomments&post=186"}],"version-history":[{"count":1,"href":"https:\/\/www.patricia-fetzel.at\/ne\/index.php?rest_route=\/wp\/v2\/pages\/186\/revisions"}],"predecessor-version":[{"id":187,"href":"https:\/\/www.patricia-fetzel.at\/ne\/index.php?rest_route=\/wp\/v2\/pages\/186\/revisions\/187"}],"wp:attachment":[{"href":"https:\/\/www.patricia-fetzel.at\/ne\/index.php?rest_route=%2Fwp%2Fv2%2Fmedia&parent=186"}],"curies":[{"name":"wp","href":"https:\/\/api.w.org\/{rel}","templated":true}]}}